{"id":19,"date":"2020-03-28T16:15:11","date_gmt":"2020-03-28T15:15:11","guid":{"rendered":"http:\/\/aprilundtochter.mediendesign-bertleff.de\/?page_id=19"},"modified":"2024-03-18T15:10:48","modified_gmt":"2024-03-18T14:10:48","slug":"impressum_agb","status":"publish","type":"page","link":"https:\/\/aprilundtochter.de\/aprilundtochter\/impressum_agb\/","title":{"rendered":"Impressum \/ AGB"},"content":{"rendered":"<p>[et_pb_section fb_built=&#8220;1&#8243; fullwidth=&#8220;on&#8220; admin_label=&#8220;Section Seitenkopf Startseite Teil 1: Slider&#8220; _builder_version=&#8220;4.16&#8243; z_index=&#8220;-500&#8243; custom_margin=&#8220;||-400px||false|false&#8220; custom_padding=&#8220;||0px||false|false&#8220; bottom_divider_style=&#8220;waves&#8220; bottom_divider_color=&#8220;#ffffff&#8220; bottom_divider_height=&#8220;110px&#8220; bottom_divider_height_tablet=&#8220;70px&#8220; bottom_divider_height_phone=&#8220;50px&#8220; bottom_divider_height_last_edited=&#8220;on|phone&#8220; global_colors_info=&#8220;{}&#8220;][et_pb_fullwidth_slider show_arrows=&#8220;off&#8220; show_pagination=&#8220;off&#8220; _builder_version=&#8220;4.16&#8243; height=&#8220;55vh&#8220; height_tablet=&#8220;600px&#8220; height_phone=&#8220;400px&#8220; height_last_edited=&#8220;on|desktop&#8220; auto=&#8220;on&#8220; auto_speed=&#8220;3000&#8243; global_colors_info=&#8220;{}&#8220;][et_pb_slide _builder_version=&#8220;4.16&#8243; background_color=&#8220;rgba(0,0,0,0)&#8220; background_enable_color=&#8220;on&#8220; background_image=&#8220;https:\/\/www.aprilundtochter.de\/wp-content\/uploads\/2020\/04\/april_tochter_nachhaltig_oeko_druckerei_freiburg.png&#8220; background_enable_image=&#8220;on&#8220; background_position=&#8220;top_center&#8220; global_colors_info=&#8220;{}&#8220; sticky_transition=&#8220;on&#8220;][\/et_pb_slide][et_pb_slide _builder_version=&#8220;4.16&#8243; background_color=&#8220;rgba(0,0,0,0)&#8220; background_enable_color=&#8220;on&#8220; background_image=&#8220;https:\/\/www.aprilundtochter.de\/wp-content\/uploads\/2020\/04\/april_tochter_druckerei_freiburg_digitaldruck_offset_2020.png&#8220; background_enable_image=&#8220;on&#8220; background_position=&#8220;top_center&#8220; global_colors_info=&#8220;{}&#8220; sticky_transition=&#8220;on&#8220;][\/et_pb_slide][et_pb_slide _builder_version=&#8220;4.16&#8243; background_color=&#8220;rgba(0,0,0,0)&#8220; background_enable_color=&#8220;on&#8220; background_image=&#8220;https:\/\/www.aprilundtochter.de\/wp-content\/uploads\/2020\/04\/druckerei_freiburg_kunstprojekt_kunstdruck_beratung.png&#8220; background_enable_image=&#8220;on&#8220; global_colors_info=&#8220;{}&#8220; sticky_transition=&#8220;on&#8220;][\/et_pb_slide][et_pb_slide _builder_version=&#8220;4.16&#8243; background_color=&#8220;rgba(0,0,0,0)&#8220; background_enable_color=&#8220;on&#8220; background_image=&#8220;https:\/\/www.aprilundtochter.de\/wp-content\/uploads\/2020\/04\/april_tochter_kunstdruckerei_freiburg_letterpress_bleisatz.png&#8220; background_enable_image=&#8220;on&#8220; global_colors_info=&#8220;{}&#8220; sticky_transition=&#8220;on&#8220;][\/et_pb_slide][et_pb_slide _builder_version=&#8220;4.16&#8243; background_color=&#8220;rgba(0,0,0,0)&#8220; background_enable_color=&#8220;on&#8220; background_image=&#8220;https:\/\/www.aprilundtochter.de\/wp-content\/uploads\/2020\/04\/april_tochter_regional_digitaldruck_offsetdruck_freiburg.png&#8220; background_enable_image=&#8220;on&#8220; background_position=&#8220;bottom_center&#8220; global_colors_info=&#8220;{}&#8220; sticky_transition=&#8220;on&#8220;][\/et_pb_slide][et_pb_slide _builder_version=&#8220;4.16&#8243; background_color=&#8220;rgba(0,0,0,0)&#8220; background_enable_color=&#8220;on&#8220; background_image=&#8220;https:\/\/www.aprilundtochter.de\/wp-content\/uploads\/2020\/04\/druckerei_freiburg_schnell_flyer_visitenkarte_drucken.png&#8220; background_enable_image=&#8220;on&#8220; global_colors_info=&#8220;{}&#8220; sticky_transition=&#8220;on&#8220;][\/et_pb_slide][et_pb_slide _builder_version=&#8220;4.16&#8243; background_enable_color=&#8220;off&#8220; background_image=&#8220;https:\/\/www.aprilundtochter.de\/wp-content\/uploads\/2020\/04\/april_tochter_digitaldruckerei_freiburg_einfach_schnell.png&#8220; background_enable_image=&#8220;on&#8220; global_colors_info=&#8220;{}&#8220; sticky_transition=&#8220;on&#8220;][\/et_pb_slide][\/et_pb_fullwidth_slider][\/et_pb_section][et_pb_section fb_built=&#8220;1&#8243; next_background_color=&#8220;#ffffff&#8220; admin_label=&#8220;Section Seitenkopf Startseite Teil 2: Tulpe + 25 Jahre Button&#8220; _builder_version=&#8220;4.16&#8243; background_color=&#8220;rgba(0,0,0,0)&#8220; background_enable_image=&#8220;off&#8220; vertical_offset_tablet=&#8220;0&#8243; horizontal_offset_tablet=&#8220;0&#8243; height=&#8220;600px&#8220; height_tablet=&#8220;500px&#8220; height_phone=&#8220;400px&#8220; height_last_edited=&#8220;on|phone&#8220; max_height_last_edited=&#8220;off|tablet&#8220; custom_margin=&#8220;0px||0px||false|false&#8220; custom_padding=&#8220;10px||0px||false|false&#8220; bottom_divider_style=&#8220;waves&#8220; bottom_divider_height=&#8220;80px&#8220; z_index_tablet=&#8220;0&#8243; box_shadow_horizontal_tablet=&#8220;0px&#8220; box_shadow_vertical_tablet=&#8220;0px&#8220; box_shadow_blur_tablet=&#8220;40px&#8220; box_shadow_spread_tablet=&#8220;0px&#8220; global_colors_info=&#8220;{}&#8220;][et_pb_row column_structure=&#8220;1_4,1_2,1_4&#8243; _builder_version=&#8220;4.16&#8243; vertical_offset_tablet=&#8220;0&#8243; horizontal_offset_tablet=&#8220;0&#8243; width=&#8220;90%&#8220; max_width=&#8220;2300px&#8220; max_width_last_edited=&#8220;off|phone&#8220; custom_margin=&#8220;0px|||&#8220; custom_padding=&#8220;0px|||&#8220; z_index_tablet=&#8220;0&#8243; box_shadow_horizontal_tablet=&#8220;0px&#8220; box_shadow_vertical_tablet=&#8220;0px&#8220; box_shadow_blur_tablet=&#8220;40px&#8220; box_shadow_spread_tablet=&#8220;0px&#8220; global_colors_info=&#8220;{}&#8220;][et_pb_column type=&#8220;1_4&#8243; _builder_version=&#8220;4.16&#8243; custom_padding=&#8220;|||&#8220; global_colors_info=&#8220;{}&#8220; custom_padding__hover=&#8220;|||&#8220;][et_pb_image src=&#8220;https:\/\/www.aprilundtochter.de\/wp-content\/uploads\/2020\/04\/april_tochter_druckerei_freiburg_2020_tulpe_ma.png&#8220; show_bottom_space=&#8220;off&#8220; admin_label=&#8220;Bild: Tulpe&#8220; _builder_version=&#8220;4.16&#8243; z_index=&#8220;999&#8243; vertical_offset_tablet=&#8220;0&#8243; horizontal_offset_tablet=&#8220;0&#8243; max_width_last_edited=&#8220;off|phone&#8220; height=&#8220;530px&#8220; height_tablet=&#8220;400px&#8220; height_phone=&#8220;280px&#8220; height_last_edited=&#8220;on|phone&#8220; custom_padding=&#8220;0vh||-5vh||false|false&#8220; custom_padding_tablet=&#8220;3vh||-7vh||false|false&#8220; custom_padding_phone=&#8220;8vh||-7vh||false|false&#8220; custom_padding_last_edited=&#8220;on|desktop&#8220; animation_style=&#8220;zoom&#8220; animation_duration=&#8220;1500ms&#8220; z_index_tablet=&#8220;0&#8243; box_shadow_horizontal_tablet=&#8220;0px&#8220; box_shadow_vertical_tablet=&#8220;0px&#8220; box_shadow_blur_tablet=&#8220;40px&#8220; box_shadow_spread_tablet=&#8220;0px&#8220; global_colors_info=&#8220;{}&#8220; transform_styles__hover_enabled=&#8220;on|hover&#8220; transform_scale__hover_enabled=&#8220;on|desktop&#8220; transform_translate__hover_enabled=&#8220;on|desktop&#8220; transform_rotate__hover_enabled=&#8220;on|hover&#8220; transform_skew__hover_enabled=&#8220;on|desktop&#8220; transform_origin__hover_enabled=&#8220;on|desktop&#8220; transform_rotate__hover=&#8220;0deg|0deg|29deg&#8220;][\/et_pb_image][\/et_pb_column][et_pb_column type=&#8220;1_2&#8243; _builder_version=&#8220;4.16&#8243; custom_padding=&#8220;|||&#8220; global_colors_info=&#8220;{}&#8220; custom_padding__hover=&#8220;|||&#8220;][\/et_pb_column][et_pb_column type=&#8220;1_4&#8243; _builder_version=&#8220;4.16&#8243; custom_padding=&#8220;|||&#8220; global_colors_info=&#8220;{}&#8220; custom_padding__hover=&#8220;|||&#8220;][et_pb_image src=&#8220;https:\/\/www.aprilundtochter.de\/wp-content\/uploads\/2020\/04\/25_jahre_april_tochter_druckerei_freiburg_2020oge.png&#8220; align=&#8220;right&#8220; admin_label=&#8220;Bild: 25 Jahre orange&#8220; _builder_version=&#8220;4.16&#8243; transform_translate_linked__hover=&#8220;off&#8220; transform_rotate=&#8220;0deg|0deg|-15deg&#8220; vertical_offset_tablet=&#8220;0&#8243; horizontal_offset_tablet=&#8220;0&#8243; height=&#8220;204px&#8220; height_tablet=&#8220;190px&#8220; height_phone=&#8220;170px&#8220; height_last_edited=&#8220;on|desktop&#8220; custom_margin=&#8220;2vh||||false|false&#8220; custom_margin_tablet=&#8220;-27vh||||false|false&#8220; custom_margin_phone=&#8220;-22vh||||false|false&#8220; custom_margin_last_edited=&#8220;on|tablet&#8220; custom_padding=&#8220;0px||||false|false&#8220; animation_style=&#8220;roll&#8220; animation_direction=&#8220;right&#8220; z_index_tablet=&#8220;0&#8243; box_shadow_horizontal_tablet=&#8220;0px&#8220; box_shadow_vertical_tablet=&#8220;0px&#8220; box_shadow_blur_tablet=&#8220;40px&#8220; box_shadow_spread_tablet=&#8220;0px&#8220; global_colors_info=&#8220;{}&#8220; transform_styles__hover_enabled=&#8220;on|hover&#8220; transform_scale__hover_enabled=&#8220;on|hover&#8220; transform_translate__hover_enabled=&#8220;on|hover&#8220; transform_rotate__hover_enabled=&#8220;on|hover&#8220; transform_skew__hover_enabled=&#8220;on|desktop&#8220; transform_origin__hover_enabled=&#8220;on|desktop&#8220; transform_scale__hover=&#8220;120%|120%&#8220; transform_translate__hover=&#8220;0px|-10px&#8220; transform_rotate__hover=&#8220;0deg|0deg|-15deg&#8220;][\/et_pb_image][\/et_pb_column][\/et_pb_row][\/et_pb_section][et_pb_section fb_built=&#8220;1&#8243; _builder_version=&#8220;4.16&#8243; global_colors_info=&#8220;{}&#8220;][et_pb_row column_structure=&#8220;1_2,1_2&#8243; _builder_version=&#8220;4.16&#8243; background_size=&#8220;initial&#8220; background_position=&#8220;top_left&#8220; background_repeat=&#8220;repeat&#8220; global_colors_info=&#8220;{}&#8220;][et_pb_column type=&#8220;1_2&#8243; _builder_version=&#8220;4.16&#8243; custom_padding=&#8220;|||&#8220; global_colors_info=&#8220;{}&#8220; custom_padding__hover=&#8220;|||&#8220;][et_pb_text admin_label=&#8220;Text: H2: Impressum:&#8220; _builder_version=&#8220;4.16&#8243; header_font=&#8220;|600|||||||&#8220; header_2_font=&#8220;|600|||||||&#8220; header_2_font_size=&#8220;36&#8243; header_3_font=&#8220;|700|||||||&#8220; header_font_size_tablet=&#8220;36&#8243; header_font_size_phone=&#8220;28&#8243; header_font_size_last_edited=&#8220;on|tablet&#8220; header_2_font_size_tablet=&#8220;28&#8243; header_2_font_size_phone=&#8220;24&#8243; header_2_font_size_last_edited=&#8220;on|phone&#8220; header_3_font_size_tablet=&#8220;20px&#8220; header_3_font_size_phone=&#8220;&#8220; header_3_font_size_last_edited=&#8220;on|desktop&#8220; global_colors_info=&#8220;{}&#8220;]<\/p>\n<h2>Impressum:<\/h2>\n<p>[\/et_pb_text][et_pb_divider color=&#8220;#555555&#8243; divider_style=&#8220;dotted&#8220; divider_position=&#8220;center&#8220; divider_weight=&#8220;2&#8243; admin_label=&#8220;Teiler: Punkt Line 2px&#8220; _builder_version=&#8220;4.16&#8243; global_colors_info=&#8220;{}&#8220;][\/et_pb_divider][et_pb_text admin_label=&#8220;Text: Impressum Inhalt:&#8220; _builder_version=&#8220;4.16&#8243; header_3_font=&#8220;|700|||||||&#8220; header_3_font_size=&#8220;18px&#8220; global_colors_info=&#8220;{}&#8220;]<\/p>\n<h3>Verantwortlich f\u00fcr den Inhalt, Inhaber und technischer Ansprechpartner:<\/h3>\n<p>april &amp; tochter Druckerei OHG<br \/>Mitscherlichstr. 5<br \/>79108 Freiburg<br \/>Telefon 0761.500782<br \/><a href=\"mailto:info@aprilundtochter.de\">info@aprilundtochter.de<\/a><br \/><a href=\"https:\/\/www.aprilundtochter.de\/\">www.aprilundtochter.de<\/a><\/p>\n<p>Gesch\u00e4ftsf\u00fchrer:<br \/>Sabine Weinert und Martin Eschle<br \/>HRA 702972 Freiburg<br \/>Ust.Id.Nr. DE284742712<\/p>\n<p>Sie erreichen uns telefonisch<br \/>Montag bis Donnerstag zwischen 9 und 18 Uhr<br \/>Freitag zwischen 9 und 14 Uhr<br \/>Termine nur nach Vereinbarung.<\/p>\n<p>[\/et_pb_text][et_pb_divider color=&#8220;#555555&#8243; divider_style=&#8220;dotted&#8220; divider_position=&#8220;center&#8220; divider_weight=&#8220;2&#8243; admin_label=&#8220;Teiler: Punkt Line 2px&#8220; _builder_version=&#8220;4.16&#8243; global_colors_info=&#8220;{}&#8220;][\/et_pb_divider][et_pb_text admin_label=&#8220;Text: Bildquellen Angaben:&#8220; _builder_version=&#8220;4.16&#8243; header_3_font=&#8220;|700|||||||&#8220; header_3_font_size=&#8220;18px&#8220; global_colors_info=&#8220;{}&#8220;]<\/p>\n<div class=\"et_pb_text et_pb_module et_pb_bg_layout_light et_pb_text_align_left et_pb_text_5\">\n<h3><strong>Bildquellen Angaben Urheber:<\/strong><\/h3>\n<p>Startseite, und alle Unterseiten: Urheber der verwendeten Bilder: Ramesh Amruth, Martin Eschle, Michael Bertleff, Sabine Weinert, Wolfgang Wick <span class=\"nav__link pointer-events-none\"><br \/><\/span><\/p>\n<\/div>\n<p>[\/et_pb_text][et_pb_divider color=&#8220;#555555&#8243; divider_style=&#8220;dotted&#8220; divider_position=&#8220;center&#8220; divider_weight=&#8220;2&#8243; admin_label=&#8220;Teiler: Punkt Line 2px&#8220; _builder_version=&#8220;4.16&#8243; global_colors_info=&#8220;{}&#8220;][\/et_pb_divider][et_pb_text admin_label=&#8220;Text: Konzeption und Design &#8220; _builder_version=&#8220;4.18.1&#8243; header_3_font=&#8220;|700|||||||&#8220; header_3_font_size=&#8220;18px&#8220; global_colors_info=&#8220;{}&#8220;]<\/p>\n<div class=\"et_pb_module et_pb_text et_pb_text_3 et_pb_bg_layout_light et_pb_text_align_left\">\n<h3><strong>Konzeption, <\/strong><strong>Webdesign und Webentwicklung:<\/strong><\/h3>\n<\/div>\n<div class=\"elementor-element elementor-element-4daf55df elementor-widget elementor-widget-text-editor\" data-id=\"4daf55df\" data-element_type=\"widget\" data-widget_type=\"text-editor.default\">\n<div class=\"elementor-widget-container\">\n<div class=\"elementor-text-editor elementor-clearfix\">\n<p>Michael Bertleff Logo Marken Webdesign <br \/><a href=\"https:\/\/www.website-freiburg.de\" target=\"_blank\" rel=\"noopener\">www.website-freiburg.de<br \/><\/a><a href=\"https:\/\/www.mediendesign-bertleff.de\" target=\"_blank\" rel=\"noopener\">www.mediendesign-bertleff.de<\/a><br \/><a href=\"https:\/\/www.instagram.com\/websitefreiburg\" target=\"_blank\" rel=\"noopener\">www.instagram.com\/websitefreiburg<\/a><\/p>\n<\/div>\n<\/div>\n<\/div>\n<p>[\/et_pb_text][et_pb_divider color=&#8220;#555555&#8243; divider_style=&#8220;dotted&#8220; divider_position=&#8220;center&#8220; divider_weight=&#8220;2&#8243; admin_label=&#8220;Teiler: Punkt Line 2px&#8220; _builder_version=&#8220;4.16&#8243; global_colors_info=&#8220;{}&#8220;][\/et_pb_divider][\/et_pb_column][et_pb_column type=&#8220;1_2&#8243; _builder_version=&#8220;4.16&#8243; custom_padding=&#8220;|||&#8220; global_colors_info=&#8220;{}&#8220; custom_padding__hover=&#8220;|||&#8220;][et_pb_text admin_label=&#8220;Text: H2: AGB:&#8220; _builder_version=&#8220;4.16&#8243; header_font=&#8220;|600|||||||&#8220; header_2_font=&#8220;|600|||||||&#8220; header_2_font_size=&#8220;36&#8243; header_3_font=&#8220;|700|||||||&#8220; header_font_size_tablet=&#8220;36&#8243; header_font_size_phone=&#8220;28&#8243; header_font_size_last_edited=&#8220;on|tablet&#8220; header_2_font_size_tablet=&#8220;28&#8243; header_2_font_size_phone=&#8220;24&#8243; header_2_font_size_last_edited=&#8220;on|phone&#8220; header_3_font_size_tablet=&#8220;20px&#8220; header_3_font_size_phone=&#8220;&#8220; header_3_font_size_last_edited=&#8220;on|desktop&#8220; global_colors_info=&#8220;{}&#8220;]<\/p>\n<h2>AGB:<\/h2>\n<p>[\/et_pb_text][et_pb_divider color=&#8220;#555555&#8243; divider_style=&#8220;dotted&#8220; divider_position=&#8220;center&#8220; divider_weight=&#8220;2&#8243; admin_label=&#8220;Teiler: Punkt Line 2px&#8220; _builder_version=&#8220;4.16&#8243; global_colors_info=&#8220;{}&#8220;][\/et_pb_divider][et_pb_text admin_label=&#8220;Text: Download Allgemeine Gesch\u00e4ftsbedingungen&#8220; _builder_version=&#8220;4.16&#8243; header_3_font=&#8220;|700|||||||&#8220; header_3_font_size=&#8220;18px&#8220; global_colors_info=&#8220;{}&#8220;]<\/p>\n<div class=\"et_pb_module et_pb_text et_pb_text_6 et_pb_bg_layout_light et_pb_text_align_left\">\n<div class=\"et_pb_text_inner\">\n<div class=\"et_pb_module et_pb_text et_pb_text_6 et_pb_bg_layout_light et_pb_text_align_left\">\n<div class=\"et_pb_text_inner\"><a href=\"https:\/\/www.aprilundtochter.de\/wp-content\/uploads\/2020\/05\/aprilundtochter_druckerei_AGB_2020.pdf\" target=\"_blank\" rel=\"noopener noreferrer\">Download Allgemeine Gesch\u00e4ftsbedingungen<\/a><\/div>\n<\/div>\n<\/div>\n<\/div>\n<p>[\/et_pb_text][et_pb_divider color=&#8220;#555555&#8243; divider_style=&#8220;dotted&#8220; divider_position=&#8220;center&#8220; divider_weight=&#8220;2&#8243; admin_label=&#8220;Teiler: Punkt Line 2px&#8220; _builder_version=&#8220;4.16&#8243; global_colors_info=&#8220;{}&#8220;][\/et_pb_divider][et_pb_text admin_label=&#8220;Text: H2: Haftungsausschluss:&#8220; _builder_version=&#8220;4.16&#8243; header_font=&#8220;|600|||||||&#8220; header_2_font=&#8220;|600|||||||&#8220; header_2_font_size=&#8220;36&#8243; header_3_font=&#8220;|700|||||||&#8220; header_font_size_tablet=&#8220;36&#8243; header_font_size_phone=&#8220;28&#8243; header_font_size_last_edited=&#8220;on|tablet&#8220; header_2_font_size_tablet=&#8220;28&#8243; header_2_font_size_phone=&#8220;24&#8243; header_2_font_size_last_edited=&#8220;on|phone&#8220; header_3_font_size_tablet=&#8220;20px&#8220; header_3_font_size_phone=&#8220;&#8220; header_3_font_size_last_edited=&#8220;on|desktop&#8220; global_colors_info=&#8220;{}&#8220;]<\/p>\n<h2>Haftungsausschluss:<\/h2>\n<p>[\/et_pb_text][et_pb_divider color=&#8220;#555555&#8243; divider_style=&#8220;dotted&#8220; divider_position=&#8220;center&#8220; divider_weight=&#8220;2&#8243; admin_label=&#8220;Teiler: Punkt Line 2px&#8220; _builder_version=&#8220;4.16&#8243; global_colors_info=&#8220;{}&#8220;][\/et_pb_divider][et_pb_text admin_label=&#8220;Text: Beschwerdeverfahren:&#8220; _builder_version=&#8220;4.16&#8243; header_3_font=&#8220;|700|||||||&#8220; header_3_font_size=&#8220;18px&#8220; global_colors_info=&#8220;{}&#8220;]<\/p>\n<h3>Beschwerdeverfahren:<\/h3>\n<p>Online-Streitbeilegung gem\u00e4\u00df Art. 14 Abs. 1 ODR-VO: Die Europ\u00e4ische Kommission stellt eine Plattform zur Online-Streitbeilegung (OS) bereit, die Sie unter https:\/\/ec.europa.eu\/consumers\/odr finden.<\/p>\n<p>[\/et_pb_text][et_pb_divider color=&#8220;#555555&#8243; divider_style=&#8220;dotted&#8220; divider_position=&#8220;center&#8220; divider_weight=&#8220;2&#8243; admin_label=&#8220;Teiler: Punkt Line 2px&#8220; _builder_version=&#8220;4.16&#8243; global_colors_info=&#8220;{}&#8220;][\/et_pb_divider][et_pb_text admin_label=&#8220;Text: E-Mail Versand:&#8220; _builder_version=&#8220;4.16&#8243; header_3_font=&#8220;|700|||||||&#8220; header_3_font_size=&#8220;18px&#8220; global_colors_info=&#8220;{}&#8220;]<\/p>\n<div class=\"et_pb_module et_pb_text et_pb_text_6 et_pb_bg_layout_light et_pb_text_align_left\">\n<div class=\"et_pb_text_inner\">\n<div class=\"et_pb_module et_pb_text et_pb_text_6 et_pb_bg_layout_light et_pb_text_align_left\">\n<div class=\"et_pb_text_inner\">\n<h3>E-Mail Versand:<\/h3>\n<p>\u00dcber diese Website <span class=\"st\">versandt<\/span>e E-Mail Daten werden auf dem Internet-Server des Providers zwischengespeichert.<\/p>\n<\/div>\n<\/div>\n<\/div>\n<\/div>\n<p>[\/et_pb_text][et_pb_divider color=&#8220;#555555&#8243; divider_style=&#8220;dotted&#8220; divider_position=&#8220;center&#8220; divider_weight=&#8220;2&#8243; admin_label=&#8220;Teiler: Punkt Line 2px&#8220; _builder_version=&#8220;4.16&#8243; global_colors_info=&#8220;{}&#8220;][\/et_pb_divider][et_pb_text admin_label=&#8220;Text: Haftungsausschluss f\u00fcr externe Links und Verweise:&#8220; _builder_version=&#8220;4.16&#8243; header_3_font=&#8220;|700|||||||&#8220; header_3_font_size=&#8220;18px&#8220; global_colors_info=&#8220;{}&#8220;]<\/p>\n<h3>Haftungsausschluss f\u00fcr externe Links und Verweise:<\/h3>\n<p dir=\"ltr\">Es wird keine Haftung f\u00fcr die Inhalte externer Links und Verweise \u00fcbernommen. F\u00fcr die Inhalte der verlinkten Seiten sind ausschlie\u00dflich deren Betreiber verantwortlich. Es wird hiermit ausdr\u00fccklich erkl\u00e4rt, dass zum Zeitpunkt der Linksetzung keine illegalen Inhalte auf den zu verlinkenden Seiten erkennbar waren. Auf die aktuelle und zuk\u00fcnftige Gestaltung, die Inhalte oder die Urheberschaft der verlinkten Seiten besteht keinerlei Einfluss.<\/p>\n<p>[\/et_pb_text][et_pb_divider color=&#8220;#555555&#8243; divider_style=&#8220;dotted&#8220; divider_position=&#8220;center&#8220; divider_weight=&#8220;2&#8243; admin_label=&#8220;Teiler: Punkt Line 2px&#8220; _builder_version=&#8220;4.16&#8243; global_colors_info=&#8220;{}&#8220;][\/et_pb_divider][et_pb_text admin_label=&#8220;Text: Urheberschutz \u2013 Keine Abmahnung ohne vorherige Kontaktaufnahme:&#8220; _builder_version=&#8220;4.16&#8243; header_3_font=&#8220;|700|||||||&#8220; header_3_font_size=&#8220;18px&#8220; global_colors_info=&#8220;{}&#8220;]<\/p>\n<h3>Urheberschutz \u2013 Keine Abmahnung ohne vorherige Kontaktaufnahme:<\/h3>\n<p>Trotz sorgf\u00e4ltiger Kontrolle kann es vorkommen, dass wir unwissentlich urheberrechtlich gesch\u00fctztes Material verwendet haben. Hiermit erkl\u00e4ren wir, dass alle Rechte anerkannt werden und notwendige Korrekturen von Texten und Abbildungen nach Kenntnis der Sache umgehend durchgef\u00fchrt werden. In einem solchen Fall bitten wir die Inhaber entsprechender Rechte, ihre Rechte ohne den unn\u00f6tigen Umweg \u00fcber eine Abmahnung, verbunden mit der Forderung nach Erstattung der Anwaltskosten geltend zu machen.<\/p>\n<p>[\/et_pb_text][et_pb_divider color=&#8220;#555555&#8243; divider_style=&#8220;dotted&#8220; divider_position=&#8220;center&#8220; divider_weight=&#8220;2&#8243; admin_label=&#8220;Teiler: Punkt Line 2px&#8220; _builder_version=&#8220;4.16&#8243; global_colors_info=&#8220;{}&#8220;][\/et_pb_divider][et_pb_text admin_label=&#8220;Text: Inhalte der Onlineangebote:&#8220; _builder_version=&#8220;4.16&#8243; header_3_font=&#8220;|700|||||||&#8220; header_3_font_size=&#8220;18px&#8220; global_colors_info=&#8220;{}&#8220;][\/et_pb_text][\/et_pb_column][\/et_pb_row][et_pb_row _builder_version=&#8220;4.16&#8243; global_colors_info=&#8220;{}&#8220;][et_pb_column type=&#8220;4_4&#8243; _builder_version=&#8220;4.16&#8243; global_colors_info=&#8220;{}&#8220;][et_pb_text _builder_version=&#8220;4.24.2&#8243; hover_enabled=&#8220;0&#8243; global_colors_info=&#8220;{}&#8220; sticky_enabled=&#8220;0&#8243;]<\/p>\n<p>Das Impressum wurde mit Hilfe von<br \/><em>eRecht24<\/em>: <a href=\"https:\/\/www.e-recht24.de\" target=\"_blank\" rel=\"noopener\">www.e-recht24.de<\/a> und <em>activeMind AG<\/em>: <a href=\"https:\/\/www.activemind.de\/datenschutz\" target=\"_blank\" rel=\"noopener\">www.activemind.de<\/a> erstellt.<br \/>Letzte Aktualisierung: <i>18. M\u00e4rz 2024<\/i><\/p>\n<p>[\/et_pb_text][\/et_pb_column][\/et_pb_row][\/et_pb_section]<\/p>\n","protected":false},"excerpt":{"rendered":"<p>Impressum:Verantwortlich f\u00fcr den Inhalt, Inhaber und technischer Ansprechpartner: april &amp; tochter Druckerei OHGMitscherlichstr. 579108 FreiburgTelefon 0761.500782info@aprilundtochter.dewww.aprilundtochter.de Gesch\u00e4ftsf\u00fchrer:Sabine Weinert und Martin EschleHRA 702972 FreiburgUst.Id.Nr. DE284742712 Sie erreichen uns telefonischMontag bis Donnerstag zwischen 9 und 18 UhrFreitag zwischen 9 und 14 UhrTermine nur nach Vereinbarung. Bildquellen Angaben Urheber: Startseite, und alle Unterseiten: Urheber der verwendeten Bilder: Ramesh [&hellip;]<\/p>\n","protected":false},"author":1,"featured_media":0,"parent":0,"menu_order":0,"comment_status":"closed","ping_status":"closed","template":"","meta":{"_et_pb_use_builder":"on","_et_pb_old_content":"","_et_gb_content_width":"","inline_featured_image":false,"footnotes":""},"_links":{"self":[{"href":"https:\/\/aprilundtochter.de\/aprilundtochter\/wp-json\/wp\/v2\/pages\/19"}],"collection":[{"href":"https:\/\/aprilundtochter.de\/aprilundtochter\/wp-json\/wp\/v2\/pages"}],"about":[{"href":"https:\/\/aprilundtochter.de\/aprilundtochter\/wp-json\/wp\/v2\/types\/page"}],"author":[{"embeddable":true,"href":"https:\/\/aprilundtochter.de\/aprilundtochter\/wp-json\/wp\/v2\/users\/1"}],"replies":[{"embeddable":true,"href":"https:\/\/aprilundtochter.de\/aprilundtochter\/wp-json\/wp\/v2\/comments?post=19"}],"version-history":[{"count":5,"href":"https:\/\/aprilundtochter.de\/aprilundtochter\/wp-json\/wp\/v2\/pages\/19\/revisions"}],"predecessor-version":[{"id":8118,"href":"https:\/\/aprilundtochter.de\/aprilundtochter\/wp-json\/wp\/v2\/pages\/19\/revisions\/8118"}],"wp:attachment":[{"href":"https:\/\/aprilundtochter.de\/aprilundtochter\/wp-json\/wp\/v2\/media?parent=19"}],"curies":[{"name":"wp","href":"https:\/\/api.w.org\/{rel}","templated":true}]}}